{"id":211,"date":"2021-12-06T15:46:40","date_gmt":"2021-12-06T15:46:40","guid":{"rendered":"https:\/\/websitebuilder-demo.net\/kaufman\/?page_id=76"},"modified":"2026-03-10T19:15:14","modified_gmt":"2026-03-10T18:15:14","slug":"kontakt","status":"publish","type":"page","link":"https:\/\/tantus.you2.pl\/index.php\/kontakt\/","title":{"rendered":"Kontakt"},"content":{"rendered":"<div class=\"brz brz-root__container brz-reset-all brz-root__container-page\" >\n<section id=\"e1OMU5hJB_ft_e1OMU5hJB_ft\" class=\"brz-section brz-css-d-section brz-css-1gx5pra\">\n<div class=\"brz-section__content brz-section--boxed brz-css-d-sectionitem-bg brz-css-1yx6yqu\" data-brz-custom-id=\"cFrAsk3GuITk\">\n<div class=\"brz-bg\">\n<div class=\"brz-bg-color\"><\/div>\n<\/div>\n<div class=\"brz-container brz-css-d-sectionitem-container brz-css-ava57b\">\n<div id=\"\" class=\"brz-css-d-wrapper brz-css-sphob3 brz-wrapper\">\n<div class=\"brz-menu-simple brz-css-d-wpnavigation brz-css-14ynpj8\">\n<div style=\"min-height:20px\">\n<div class=\"menu-footer-menu-container\">\n<ul id=\"menu-footer-menu\" class=\"menu\">\n<li id=\"menu-item-297\" class=\"menu-item menu-item-type-post_type menu-item-object-page menu-item-home menu-item-297\"><a href=\"https:\/\/tantus.you2.pl\/\">Home<\/a><\/li>\n<li id=\"menu-item-257\" class=\"menu-item menu-item-type-post_type menu-item-object-page menu-item-257\"><a href=\"https:\/\/tantus.you2.pl\/index.php\/kontakt\/\">Kontakt<\/a><\/li>\n<li id=\"menu-item-421\" class=\"menu-item menu-item-type-post_type menu-item-object-page menu-item-421\"><a href=\"https:\/\/tantus.you2.pl\/?page_id=419\">test1<\/a><\/li>\n<li id=\"menu-item-425\" class=\"menu-item menu-item-type-post_type menu-item-object-page menu-item-425\"><a href=\"https:\/\/tantus.you2.pl\/?page_id=423\">Home #2<\/a><\/li>\n<\/ul>\n<\/div>\n<\/div>\n<\/div>\n<\/div>\n<\/div>\n<\/div>\n<\/section>\n<section id=\"csfpejpdlbitspvpgxouroqndmtcsfbfdjjg_csfpejpdlbitspvpgxouroqndmtcsfbfdjjg\" class=\"brz-section brz-css-d-section brz-css-1q7psmj\">\n<div class=\"brz-section__content brz-section--boxed brz-css-d-sectionitem-bg brz-css-eeto1a\" data-brz-custom-id=\"zhcxjcdwgmzvduregprfifztjywybyuouoln\">\n<div class=\"brz-bg\">\n<div class=\"brz-bg-color\"><\/div>\n<\/div>\n<div class=\"brz-container brz-css-d-sectionitem-container brz-css-1ocwuj9\">\n<div class=\"brz-row__container brz-css-d-row-row brz-css-owje4n\" data-brz-custom-id=\"kxm2RwBsU8rU\">\n<div class=\"brz-row brz-css-d-row-container brz-css-r-row-container brz-css-1fc842q\">\n<div class=\"brz-columns brz-css-d-column-column brz-css-6vu9sn\" data-brz-custom-id=\"kYwthbqNRPD_\">\n<div class=\"brz-column__items brz-css-d-column-bg brz-css-jpn1m3\">\n<div id=\"\" class=\"brz-css-d-wrapper brz-css-41151k brz-wrapper\">\n<div class=\"brz-image brz-css-d-image-vap2ee_exzcv-parent brz-css-1hxwlv1\" data-brz-custom-id=\"vap2ee_EXZcv\"><picture class=\"brz-picture brz-d-block brz-p-relative brz-css-d-image-vap2ee_exzcv-picture brz-css-1od906v\"><source srcset=\"https:\/\/tantus.you2.pl\/wp-content\/uploads\/2026\/03\/logo-ziel2-scaled.png 1x, https:\/\/tantus.you2.pl\/wp-content\/uploads\/2026\/03\/logo-ziel2-scaled.png 2x\" media=\"(min-width: 992px)\"><source srcset=\"https:\/\/tantus.you2.pl\/wp-content\/uploads\/2026\/03\/logo-ziel2-scaled.png 1x, https:\/\/tantus.you2.pl\/wp-content\/uploads\/2026\/03\/logo-ziel2-scaled.png 2x\" media=\"(min-width: 768px)\"><img decoding=\"async\" class=\"brz-img\" srcset=\"https:\/\/tantus.you2.pl\/wp-content\/uploads\/2026\/03\/logo-ziel2-scaled.png 1x, https:\/\/tantus.you2.pl\/wp-content\/uploads\/2026\/03\/logo-ziel2-scaled.png 2x\" src=\"https:\/\/tantus.you2.pl\/wp-content\/uploads\/2026\/03\/logo-ziel2-scaled.png\" loading=\"lazy\" alt=\"{{brizy_dc_image_alt imageSrc=\"wp-2b07c5ee4c849a7fec1ffbbe5e902195.png\"}}\" title=\"\" draggable=\"false\"><\/picture><\/div>\n<\/div>\n<\/div>\n<\/div>\n<div class=\"brz-columns brz-css-d-column-column brz-css-6551e1\" data-brz-custom-id=\"fPzmcH1ldr55\">\n<div class=\"brz-column__items brz-css-d-column-bg brz-css-7ohsnt\">\n<div class=\"brz-row__container brz-css-d-row-row brz-css-s1j8pn\" data-brz-custom-id=\"fbDqPCBsklBv\">\n<div class=\"brz-row brz-row--inner brz-css-d-row-container brz-css-rebd3c\">\n<div class=\"brz-columns brz-css-d-column-column brz-css-gvk68d\" data-brz-custom-id=\"ge0JlyYeBofh\">\n<div class=\"brz-column__items brz-css-d-column-bg brz-css-1kuqfkf\">\n<div id=\"\" class=\"brz-css-d-wrapper brz-css-4gywsy brz-wrapper\">\n<div class=\"brz-rich-text brz-rich-text__custom brz-css-d-richtext brz-css-1748mlh\" data-brz-custom-id=\"iFilwiu221Xc\">\n<div data-brz-translate-text=\"1\">\n<p class=\"brz-text-xs-center brz-text-lg-center brz-tp-lg-empty brz-ff-noto_serif brz-ft-google brz-fs-lg-17 brz-fss-lg-px brz-fw-lg-300 brz-ls-lg-1_3 brz-lh-lg-1_9 brz-vfw-lg-400 brz-fwdth-lg-100 brz-fsft-lg-0 brz-css-xiRwC\" data-generated-css=\"brz-css-oyE1r\" data-uniq-id=\"d1RMg\"><strong class=\"brz-cp-color8 brz-bold-true\" style=\"color: rgba(var(--brz-global-color8),0.87);\">Kancelaria Doradztwa Podatkowego<\/strong><\/p>\n<p class=\"brz-text-xs-center brz-text-lg-center brz-tp-lg-empty brz-ff-noto_serif brz-ft-google brz-fs-lg-17 brz-fss-lg-px brz-fw-lg-300 brz-ls-lg-1_3 brz-lh-lg-1_9 brz-vfw-lg-400 brz-fwdth-lg-100 brz-fsft-lg-0 brz-css-i0aac\" data-generated-css=\"brz-css-jUoqE\" data-uniq-id=\"hksxL\"><strong class=\"brz-cp-color8 brz-bold-true\" style=\"color: rgba(var(--brz-global-color8),0.87);\">&#8222;TANTUS&#8221; SC&nbsp;Urszula Byczkowska, Maria Witkowska<\/strong><\/p>\n<p class=\"brz-text-xs-center brz-text-lg-center brz-tp-lg-empty brz-ff-noto_serif brz-ft-google brz-fs-lg-16 brz-fss-lg-px brz-fw-lg-300 brz-ls-lg-1_3 brz-lh-lg-1_9 brz-vfw-lg-400 brz-fwdth-lg-100 brz-fsft-lg-0 brz-css-u_uAx\" data-generated-css=\"brz-css-mLlch\" data-uniq-id=\"uw2UZ\"><span class=\"brz-cp-color8\" style=\"color: rgba(var(--brz-global-color8),0.87);\">ul. Saper\u00f3w 19<\/span><\/p>\n<p class=\"brz-text-xs-center brz-text-lg-center brz-tp-lg-empty brz-ff-noto_serif brz-ft-google brz-fs-lg-16 brz-fss-lg-px brz-fw-lg-300 brz-ls-lg-1_3 brz-lh-lg-1_9 brz-vfw-lg-400 brz-fwdth-lg-100 brz-fsft-lg-0 brz-css-fFxUU\" data-generated-css=\"brz-css-nDpZC\" data-uniq-id=\"wypZL\"><span class=\"brz-cp-color8\" style=\"color: rgba(var(--brz-global-color8),0.87);\">&nbsp;80-431 Gda\u0144sk Wrzeszcz<\/span><\/p>\n<p class=\"brz-text-xs-center brz-text-lg-center brz-tp-lg-empty brz-ff-noto_serif brz-ft-google brz-fs-lg-16 brz-fss-lg-px brz-fw-lg-300 brz-ls-lg-1_3 brz-lh-lg-1_9 brz-vfw-lg-400 brz-fwdth-lg-100 brz-fsft-lg-0 brz-css-rwP37\" data-generated-css=\"brz-css-d8TgK\" data-uniq-id=\"v85oJ\"><span class=\"brz-cp-color8 brz-span\" style=\"color: rgba(var(--brz-global-color8),0.87);\">NIP 5<\/span><span class=\"brz-cp-color8 brz-span\" style=\"color: rgba(var(--brz-global-color8),0.87);\">841031042<\/span><span class=\"brz-cp-color8 brz-span\" style=\"color: rgba(var(--brz-global-color8),0.87);\"> <\/span><\/p>\n<p class=\"brz-text-xs-center brz-text-lg-center brz-tp-lg-empty brz-ff-noto_serif brz-ft-google brz-fs-lg-16 brz-fss-lg-px brz-fw-lg-300 brz-ls-lg-1_3 brz-lh-lg-1_9 brz-vfw-lg-400 brz-fwdth-lg-100 brz-fsft-lg-0 brz-css-zrQ8D\" data-generated-css=\"brz-css-qc15_\" data-uniq-id=\"qqZUY\"><span class=\"brz-cp-color8\" style=\"color: rgba(var(--brz-global-color8),0.87);\">&nbsp;&nbsp;&nbsp;&nbsp;&nbsp;&nbsp;&nbsp;&nbsp;<\/span><\/p>\n<p class=\"brz-text-xs-center brz-text-lg-center brz-tp-lg-empty brz-ff-noto_serif brz-ft-google brz-fs-lg-16 brz-fss-lg-px brz-fw-lg-300 brz-ls-lg-1_3 brz-lh-lg-1_9 brz-vfw-lg-400 brz-fwdth-lg-100 brz-fsft-lg-0 brz-css-owumX\" data-generated-css=\"brz-css-tuLv5\" data-uniq-id=\"nqY_3\"><strong class=\"brz-cp-color8\" style=\"color: rgba(var(--brz-global-color8),0.87);\">Godziny otwarcia:<\/strong><\/p>\n<p class=\"brz-text-xs-center brz-text-lg-center brz-tp-lg-empty brz-ff-noto_serif brz-ft-google brz-fs-lg-16 brz-fss-lg-px brz-fw-lg-300 brz-ls-lg-1_3 brz-lh-lg-1_9 brz-vfw-lg-400 brz-fwdth-lg-100 brz-fsft-lg-0 brz-css-kazSo\" data-generated-css=\"brz-css-c2mNk\" data-uniq-id=\"uYViS\"><span class=\"brz-cp-color8\" style=\"color: rgba(var(--brz-global-color8),0.87);\">od poniedzia\u0142ku do pi\u0105tku&nbsp;<\/span><strong class=\"brz-cp-color8 brz-bold-true\" style=\"color: rgba(var(--brz-global-color8),0.87);\">07:15 &#8211; 15:00<\/strong><\/p>\n<p class=\"brz-text-xs-center brz-text-lg-center brz-tp-lg-empty brz-ff-noto_serif brz-ft-google brz-fs-lg-16 brz-fss-lg-px brz-fw-lg-300 brz-ls-lg-1_3 brz-lh-lg-1_9 brz-vfw-lg-400 brz-fwdth-lg-100 brz-fsft-lg-0 brz-css-qMFvq\" data-generated-css=\"brz-css-yJo9W\" data-uniq-id=\"mXoYW\"><span class=\"brz-cp-color8\" style=\"color: rgba(var(--brz-global-color8),0.87);\">&nbsp;&nbsp;&nbsp;&nbsp;<\/span><\/p>\n<p class=\"brz-text-xs-center brz-text-lg-center brz-tp-lg-empty brz-ff-noto_serif brz-ft-google brz-fs-lg-16 brz-fss-lg-px brz-fw-lg-300 brz-ls-lg-1_3 brz-lh-lg-1_9 brz-vfw-lg-400 brz-fwdth-lg-100 brz-fsft-lg-0 brz-css-jqXIO\" data-generated-css=\"brz-css-axl06\" data-uniq-id=\"cv_a8\"><span class=\"brz-cp-color8\" style=\"color: rgba(var(--brz-global-color8),0.87);\">Zadzwo\u0144 do nas:<\/span><\/p>\n<p class=\"brz-text-xs-center brz-text-lg-center brz-tp-lg-empty brz-ff-noto_serif brz-ft-google brz-fs-lg-16 brz-fss-lg-px brz-fw-lg-300 brz-ls-lg-1_3 brz-lh-lg-1_9 brz-vfw-lg-400 brz-fwdth-lg-100 brz-fsft-lg-0 brz-css-y_aNo\" data-generated-css=\"brz-css-i8RSp\" data-uniq-id=\"lD8qx\"><strong class=\"brz-cp-color8\" style=\"color: rgba(var(--brz-global-color8),0.87);\"> <\/strong><a class=\"link--external brz-cp-color8\" style=\"color: rgba(var(--brz-global-color8),0.87);\" href=\"tel:+48123456789\" data-brz-link-type=\"external\"><strong>+48 690 651 585<\/strong><\/a><\/p>\n<p class=\"brz-text-xs-center brz-text-lg-center brz-tp-lg-empty brz-ff-noto_serif brz-ft-google brz-fs-lg-16 brz-fss-lg-px brz-fw-lg-300 brz-ls-lg-1_3 brz-lh-lg-1_9 brz-vfw-lg-400 brz-fwdth-lg-100 brz-fsft-lg-0 brz-css-xO7mc\" data-generated-css=\"brz-css-u_S0D\" data-uniq-id=\"k4O5S\"><a class=\"link--external brz-cp-color8\" style=\"color: rgba(var(--brz-global-color8),0.87);\" href=\"tel:+48 798 251 545\" data-brz-link-type=\"external\"><strong>+48 798 251 545<\/strong><\/a><\/p>\n<p class=\"brz-tp-lg-paragraph brz-css-qrkZY\" data-generated-css=\"brz-css-vQI8J\" data-uniq-id=\"i72k8\"><\/p>\n<\/div>\n<\/div>\n<\/div>\n<\/div>\n<\/div>\n<\/div>\n<\/div>\n<\/div>\n<\/div>\n<\/div>\n<\/div>\n<\/div>\n<\/div>\n<\/section>\n<section id=\"tmxbwhawdiiecuyhmwhdpnzmlhugffflasai_tmxbwhawdiiecuyhmwhdpnzmlhugffflasai\" class=\"brz-section brz-css-d-section brz-css-1tpcoaz\">\n<div class=\"brz-section__content brz-section--boxed brz-css-d-sectionitem-bg brz-css-14v08p4\" data-brz-custom-id=\"aeirulpnumgsunbfkufiyzjwkwxwpxxolvbk\">\n<div class=\"brz-bg\">\n<div class=\"brz-bg-color\"><\/div>\n<\/div>\n<div class=\"brz-container brz-css-d-sectionitem-container brz-css-ohahp1\">\n<div id=\"\" class=\"brz-css-d-wrapper brz-css-1dwauqx brz-wrapper\">\n<div class=\"brz-map brz-map_styles brz-css-d-map brz-css-d0t2qr\" data-brz-custom-id=\"eftrthanasqddhufkhgghkmfxslrywijnypw\">\n<div class=\"brz-ui-ed-map-content\"><iframe class=\"intrinsic-ignore brz-ui-ed-iframe\" src=\"https:\/\/www.google.com\/maps\/embed\/v1\/place?key=AIzaSyCcywKcxXeMZiMwLDcLgyEnNglcLOyB_qw&amp;q=Gda\u0144sk ul. Saper\u00f3w 19&amp;zoom=12\" title=\"map\"><\/iframe><\/div>\n<\/div>\n<\/div>\n<\/div>\n<\/div>\n<\/section><\/div>\n<p><!-- version:1773166514 --><\/p>\n","protected":false},"excerpt":{"rendered":"<p>Home Kontakt test1 Home #2 Kancelaria Doradztwa Podatkowego &#8222;TANTUS&#8221; SC&nbsp;Urszula Byczkowska, Maria Witkowska ul. Saper\u00f3w 19 &nbsp;80-431 Gda\u0144sk Wrzeszcz NIP 5841031042 &nbsp;&nbsp;&nbsp;&nbsp;&nbsp;&nbsp;&nbsp;&nbsp; Godziny otwarcia: od poniedzia\u0142ku do pi\u0105tku&nbsp;07:15 &#8211; 15:00 &nbsp;&nbsp;&nbsp;&nbsp; Zadzwo\u0144 do nas: +48 690 651 585 +48 798 251 545<\/p>\n","protected":false},"author":1,"featured_media":0,"parent":0,"menu_order":0,"comment_status":"closed","ping_status":"closed","template":"brizy-blank-template.php","meta":{"_kad_post_transparent":"","_kad_post_title":"","_kad_post_layout":"","_kad_post_sidebar_id":"","_kad_post_content_style":"","_kad_post_vertical_padding":"","_kad_post_feature":"","_kad_post_feature_position":"","_kad_post_header":false,"_kad_post_footer":false,"_kad_post_classname":"","footnotes":""},"class_list":["post-211","page","type-page","status-publish","hentry"],"brizy_media":[{"id":245,"url":"https:\/\/tantus.you2.pl\/wp-content\/uploads\/2026\/03\/cea82049-06e6-4870-a76a-04a37572f0e7-1-scaled.png","name":"cea82049-06e6-4870-a76a-04a37572f0e7-1.png","meta":{"brizy_attachment_uid":"wp-cd1143032d62c7917076a250f6dcf4ce.png","brizy_post_uid":["c9cc880d730fc3033ce3229d2bd0ad6c","8ad2b7367011de06325004b22ec17b6a"]}},{"id":246,"url":"https:\/\/tantus.you2.pl\/wp-content\/uploads\/2026\/03\/d490e020-37f8-4ee5-bf17-97052e2b1691-scaled.png","name":"d490e020-37f8-4ee5-bf17-97052e2b1691.png","meta":{"brizy_attachment_uid":"wp-2822351827ac77806a15e504243235d5.png","brizy_post_uid":["c9cc880d730fc3033ce3229d2bd0ad6c","8ad2b7367011de06325004b22ec17b6a"]}},{"id":417,"url":"https:\/\/tantus.you2.pl\/wp-content\/uploads\/2026\/03\/logopng_Obszar-roboczy-1-kopia-16-scaled.png","name":"logopng_Obszar-roboczy-1-kopia-16.png","meta":{"brizy_attachment_uid":"wp-2761797683340037afadccd04e169313.png","brizy_post_uid":["c9cc880d730fc3033ce3229d2bd0ad6c","8ad2b7367011de06325004b22ec17b6a"]}},{"id":429,"url":"https:\/\/tantus.you2.pl\/wp-content\/uploads\/2026\/03\/logo-ziel2-scaled.png","name":"logo-ziel2.png","meta":{"brizy_attachment_uid":"wp-2b07c5ee4c849a7fec1ffbbe5e902195.png","brizy_post_uid":["c9cc880d730fc3033ce3229d2bd0ad6c","8ad2b7367011de06325004b22ec17b6a"]}}],"_links":{"self":[{"href":"https:\/\/tantus.you2.pl\/index.php\/wp-json\/wp\/v2\/pages\/211","targetHints":{"allow":["GET"]}}],"collection":[{"href":"https:\/\/tantus.you2.pl\/index.php\/wp-json\/wp\/v2\/pages"}],"about":[{"href":"https:\/\/tantus.you2.pl\/index.php\/wp-json\/wp\/v2\/types\/page"}],"author":[{"embeddable":true,"href":"https:\/\/tantus.you2.pl\/index.php\/wp-json\/wp\/v2\/users\/1"}],"replies":[{"embeddable":true,"href":"https:\/\/tantus.you2.pl\/index.php\/wp-json\/wp\/v2\/comments?post=211"}],"version-history":[{"count":30,"href":"https:\/\/tantus.you2.pl\/index.php\/wp-json\/wp\/v2\/pages\/211\/revisions"}],"predecessor-version":[{"id":491,"href":"https:\/\/tantus.you2.pl\/index.php\/wp-json\/wp\/v2\/pages\/211\/revisions\/491"}],"wp:attachment":[{"href":"https:\/\/tantus.you2.pl\/index.php\/wp-json\/wp\/v2\/media?parent=211"}],"curies":[{"name":"wp","href":"https:\/\/api.w.org\/{rel}","templated":true}]}}